{"id":18458,"date":"2024-02-07T13:20:22","date_gmt":"2024-02-07T12:20:22","guid":{"rendered":"https:\/\/kraksky.pl\/produkt\/skok-w-tandemie-z-instruktorem-voucher-prezentowy-pakiet-pro\/"},"modified":"2026-04-04T06:10:02","modified_gmt":"2026-04-04T04:10:02","slug":"tandem-jump-with-an-instructor-gift-voucher-vip-package","status":"publish","type":"product","link":"https:\/\/kraksky.pl\/en\/produkt\/tandem-jump-with-an-instructor-gift-voucher-vip-package\/","title":{"rendered":"Tandem jump with an instructor &#8211; Gift voucher &#8211; VIP package"},"content":{"rendered":"","protected":false},"excerpt":{"rendered":"<p>You will receive the electronic voucher to your email address just a few minutes after purchase!<\/p>\n","protected":false},"featured_media":18286,"comment_status":"open","ping_status":"closed","template":"","meta":{"_acf_changed":false,"site-sidebar-layout":"default","site-content-layout":"","ast-site-content-layout":"full-width-container","site-content-style":"default","site-sidebar-style":"default","ast-global-header-display":"","ast-banner-title-visibility":"","ast-main-header-display":"","ast-hfb-above-header-display":"","ast-hfb-below-header-display":"","ast-hfb-mobile-header-display":"","site-post-title":"","ast-breadcrumbs-content":"","ast-featured-img":"","footer-sml-layout":"disabled","ast-disable-related-posts":"","theme-transparent-header-meta":"default","adv-header-id-meta":"","stick-header-meta":"","header-above-stick-meta":"","header-main-stick-meta":"","header-below-stick-meta":"","astra-migrate-meta-layouts":"set","ast-page-background-enabled":"default","ast-page-background-meta":{"desktop":{"background-color":"var(--ast-global-color-5)","background-image":"","background-repeat":"repeat","background-position":"center center","background-size":"auto","background-attachment":"scroll","background-type":"","background-media":"","overlay-type":"","overlay-color":"","overlay-opacity":"","overlay-gradient":""},"tablet":{"background-color":"","background-image":"","background-repeat":"repeat","background-position":"center center","background-size":"auto","background-attachment":"scroll","background-type":"","background-media":"","overlay-type":"","overlay-color":"","overlay-opacity":"","overlay-gradient":""},"mobile":{"background-color":"","background-image":"","background-repeat":"repeat","background-position":"center center","background-size":"auto","background-attachment":"scroll","background-type":"","background-media":"","overlay-type":"","overlay-color":"","overlay-opacity":"","overlay-gradient":""}},"ast-content-background-meta":{"desktop":{"background-color":"var(--ast-global-color-4)","background-image":"","background-repeat":"repeat","background-position":"center center","background-size":"auto","background-attachment":"scroll","background-type":"","background-media":"","overlay-type":"","overlay-color":"","overlay-opacity":"","overlay-gradient":""},"tablet":{"background-color":"var(--ast-global-color-4)","background-image":"","background-repeat":"repeat","background-position":"center center","background-size":"auto","background-attachment":"scroll","background-type":"","background-media":"","overlay-type":"","overlay-color":"","overlay-opacity":"","overlay-gradient":""},"mobile":{"background-color":"var(--ast-global-color-4)","background-image":"","background-repeat":"repeat","background-position":"center center","background-size":"auto","background-attachment":"scroll","background-type":"","background-media":"","overlay-type":"","overlay-color":"","overlay-opacity":"","overlay-gradient":""}}},"product_brand":[],"product_cat":[31],"product_tag":[],"class_list":{"0":"post-18458","1":"product","2":"type-product","3":"status-publish","4":"has-post-thumbnail","6":"product_cat-bez-kategorii","7":"desktop-align-left","8":"tablet-align-left","9":"mobile-align-left","11":"first","12":"instock","13":"sale","14":"taxable","15":"shipping-taxable","16":"purchasable","17":"product-type-variable"},"acf":[],"yoast_head":"<!-- This site is optimized with the Yoast SEO plugin v27.2 - https:\/\/yoast.com\/product\/yoast-seo-wordpress\/ -->\n<title>Tandem jump with an instructor - Gift voucher - VIP package - KrakSky<\/title>\n<meta name=\"robots\" content=\"index, follow, max-snippet:-1, max-image-preview:large, max-video-preview:-1\" \/>\n<link rel=\"canonical\" href=\"https:\/\/kraksky.pl\/en\/produkt\/tandem-jump-with-an-instructor-gift-voucher-vip-package\/\" \/>\n<meta property=\"og:locale\" content=\"en_US\" \/>\n<meta property=\"og:type\" content=\"article\" \/>\n<meta property=\"og:title\" content=\"Tandem jump with an instructor - Gift voucher - VIP package - KrakSky\" \/>\n<meta property=\"og:description\" content=\"You will receive the electronic voucher to your email address just a few minutes after purchase!\" \/>\n<meta property=\"og:url\" content=\"https:\/\/kraksky.pl\/en\/produkt\/tandem-jump-with-an-instructor-gift-voucher-vip-package\/\" \/>\n<meta property=\"og:site_name\" content=\"KrakSky\" \/>\n<meta property=\"article:modified_time\" content=\"2026-04-04T04:10:02+00:00\" \/>\n<meta property=\"og:image\" content=\"https:\/\/kraksky.pl\/wp-content\/uploads\/2024\/01\/skoki-w-tandemie-krakow-kraksky-1.jpg\" \/>\n\t<meta property=\"og:image:width\" content=\"852\" \/>\n\t<meta property=\"og:image:height\" content=\"747\" \/>\n\t<meta property=\"og:image:type\" content=\"image\/jpeg\" \/>\n<meta name=\"twitter:card\" content=\"summary_large_image\" \/>\n<meta name=\"twitter:label1\" content=\"Est. reading time\" \/>\n\t<meta name=\"twitter:data1\" content=\"1 minute\" \/>\n<script type=\"application\/ld+json\" class=\"yoast-schema-graph\">{\"@context\":\"https:\/\/schema.org\",\"@graph\":[{\"@type\":\"WebPage\",\"@id\":\"https:\/\/kraksky.pl\/en\/produkt\/tandem-jump-with-an-instructor-gift-voucher-vip-package\/\",\"url\":\"https:\/\/kraksky.pl\/en\/produkt\/tandem-jump-with-an-instructor-gift-voucher-vip-package\/\",\"name\":\"Tandem jump with an instructor - Gift voucher - VIP package - KrakSky\",\"isPartOf\":{\"@id\":\"https:\/\/kraksky.pl\/#website\"},\"primaryImageOfPage\":{\"@id\":\"https:\/\/kraksky.pl\/en\/produkt\/tandem-jump-with-an-instructor-gift-voucher-vip-package\/#primaryimage\"},\"image\":{\"@id\":\"https:\/\/kraksky.pl\/en\/produkt\/tandem-jump-with-an-instructor-gift-voucher-vip-package\/#primaryimage\"},\"thumbnailUrl\":\"https:\/\/kraksky.pl\/wp-content\/uploads\/2024\/01\/skoki-w-tandemie-krakow-kraksky-1.jpg\",\"datePublished\":\"2024-02-07T12:20:22+00:00\",\"dateModified\":\"2026-04-04T04:10:02+00:00\",\"breadcrumb\":{\"@id\":\"https:\/\/kraksky.pl\/en\/produkt\/tandem-jump-with-an-instructor-gift-voucher-vip-package\/#breadcrumb\"},\"inLanguage\":\"en-US\",\"potentialAction\":[{\"@type\":\"ReadAction\",\"target\":[\"https:\/\/kraksky.pl\/en\/produkt\/tandem-jump-with-an-instructor-gift-voucher-vip-package\/\"]}]},{\"@type\":\"ImageObject\",\"inLanguage\":\"en-US\",\"@id\":\"https:\/\/kraksky.pl\/en\/produkt\/tandem-jump-with-an-instructor-gift-voucher-vip-package\/#primaryimage\",\"url\":\"https:\/\/kraksky.pl\/wp-content\/uploads\/2024\/01\/skoki-w-tandemie-krakow-kraksky-1.jpg\",\"contentUrl\":\"https:\/\/kraksky.pl\/wp-content\/uploads\/2024\/01\/skoki-w-tandemie-krakow-kraksky-1.jpg\",\"width\":852,\"height\":747,\"caption\":\"instruktor i kobieta w \u017c\u00f3\u0142tych strojach krzycz\u0105 z rado\u015bci podczas skoku w tandemie\"},{\"@type\":\"BreadcrumbList\",\"@id\":\"https:\/\/kraksky.pl\/en\/produkt\/tandem-jump-with-an-instructor-gift-voucher-vip-package\/#breadcrumb\",\"itemListElement\":[{\"@type\":\"ListItem\",\"position\":1,\"name\":\"Strona g\u0142\u00f3wna\",\"item\":\"https:\/\/kraksky.pl\/en\/\"},{\"@type\":\"ListItem\",\"position\":2,\"name\":\"Sklep\",\"item\":\"https:\/\/kraksky.pl\/sklep\/\"},{\"@type\":\"ListItem\",\"position\":3,\"name\":\"Tandem jump with an instructor &#8211; Gift voucher &#8211; VIP package\"}]},{\"@type\":\"WebSite\",\"@id\":\"https:\/\/kraksky.pl\/#website\",\"url\":\"https:\/\/kraksky.pl\/\",\"name\":\"KrakSky\",\"description\":\"\",\"potentialAction\":[{\"@type\":\"SearchAction\",\"target\":{\"@type\":\"EntryPoint\",\"urlTemplate\":\"https:\/\/kraksky.pl\/?s={search_term_string}\"},\"query-input\":{\"@type\":\"PropertyValueSpecification\",\"valueRequired\":true,\"valueName\":\"search_term_string\"}}],\"inLanguage\":\"en-US\"}]}<\/script>\n<!-- \/ Yoast SEO plugin. -->","yoast_head_json":{"title":"Tandem jump with an instructor - Gift voucher - VIP package - KrakSky","robots":{"index":"index","follow":"follow","max-snippet":"max-snippet:-1","max-image-preview":"max-image-preview:large","max-video-preview":"max-video-preview:-1"},"canonical":"https:\/\/kraksky.pl\/en\/produkt\/tandem-jump-with-an-instructor-gift-voucher-vip-package\/","og_locale":"en_US","og_type":"article","og_title":"Tandem jump with an instructor - Gift voucher - VIP package - KrakSky","og_description":"You will receive the electronic voucher to your email address just a few minutes after purchase!","og_url":"https:\/\/kraksky.pl\/en\/produkt\/tandem-jump-with-an-instructor-gift-voucher-vip-package\/","og_site_name":"KrakSky","article_modified_time":"2026-04-04T04:10:02+00:00","og_image":[{"width":852,"height":747,"url":"https:\/\/kraksky.pl\/wp-content\/uploads\/2024\/01\/skoki-w-tandemie-krakow-kraksky-1.jpg","type":"image\/jpeg"}],"twitter_card":"summary_large_image","twitter_misc":{"Est. reading time":"1 minute"},"schema":{"@context":"https:\/\/schema.org","@graph":[{"@type":"WebPage","@id":"https:\/\/kraksky.pl\/en\/produkt\/tandem-jump-with-an-instructor-gift-voucher-vip-package\/","url":"https:\/\/kraksky.pl\/en\/produkt\/tandem-jump-with-an-instructor-gift-voucher-vip-package\/","name":"Tandem jump with an instructor - Gift voucher - VIP package - KrakSky","isPartOf":{"@id":"https:\/\/kraksky.pl\/#website"},"primaryImageOfPage":{"@id":"https:\/\/kraksky.pl\/en\/produkt\/tandem-jump-with-an-instructor-gift-voucher-vip-package\/#primaryimage"},"image":{"@id":"https:\/\/kraksky.pl\/en\/produkt\/tandem-jump-with-an-instructor-gift-voucher-vip-package\/#primaryimage"},"thumbnailUrl":"https:\/\/kraksky.pl\/wp-content\/uploads\/2024\/01\/skoki-w-tandemie-krakow-kraksky-1.jpg","datePublished":"2024-02-07T12:20:22+00:00","dateModified":"2026-04-04T04:10:02+00:00","breadcrumb":{"@id":"https:\/\/kraksky.pl\/en\/produkt\/tandem-jump-with-an-instructor-gift-voucher-vip-package\/#breadcrumb"},"inLanguage":"en-US","potentialAction":[{"@type":"ReadAction","target":["https:\/\/kraksky.pl\/en\/produkt\/tandem-jump-with-an-instructor-gift-voucher-vip-package\/"]}]},{"@type":"ImageObject","inLanguage":"en-US","@id":"https:\/\/kraksky.pl\/en\/produkt\/tandem-jump-with-an-instructor-gift-voucher-vip-package\/#primaryimage","url":"https:\/\/kraksky.pl\/wp-content\/uploads\/2024\/01\/skoki-w-tandemie-krakow-kraksky-1.jpg","contentUrl":"https:\/\/kraksky.pl\/wp-content\/uploads\/2024\/01\/skoki-w-tandemie-krakow-kraksky-1.jpg","width":852,"height":747,"caption":"instruktor i kobieta w \u017c\u00f3\u0142tych strojach krzycz\u0105 z rado\u015bci podczas skoku w tandemie"},{"@type":"BreadcrumbList","@id":"https:\/\/kraksky.pl\/en\/produkt\/tandem-jump-with-an-instructor-gift-voucher-vip-package\/#breadcrumb","itemListElement":[{"@type":"ListItem","position":1,"name":"Strona g\u0142\u00f3wna","item":"https:\/\/kraksky.pl\/en\/"},{"@type":"ListItem","position":2,"name":"Sklep","item":"https:\/\/kraksky.pl\/sklep\/"},{"@type":"ListItem","position":3,"name":"Tandem jump with an instructor &#8211; Gift voucher &#8211; VIP package"}]},{"@type":"WebSite","@id":"https:\/\/kraksky.pl\/#website","url":"https:\/\/kraksky.pl\/","name":"KrakSky","description":"","potentialAction":[{"@type":"SearchAction","target":{"@type":"EntryPoint","urlTemplate":"https:\/\/kraksky.pl\/?s={search_term_string}"},"query-input":{"@type":"PropertyValueSpecification","valueRequired":true,"valueName":"search_term_string"}}],"inLanguage":"en-US"}]}},"_links":{"self":[{"href":"https:\/\/kraksky.pl\/en\/wp-json\/wp\/v2\/product\/18458","targetHints":{"allow":["GET"]}}],"collection":[{"href":"https:\/\/kraksky.pl\/en\/wp-json\/wp\/v2\/product"}],"about":[{"href":"https:\/\/kraksky.pl\/en\/wp-json\/wp\/v2\/types\/product"}],"replies":[{"embeddable":true,"href":"https:\/\/kraksky.pl\/en\/wp-json\/wp\/v2\/comments?post=18458"}],"wp:featuredmedia":[{"embeddable":true,"href":"https:\/\/kraksky.pl\/en\/wp-json\/wp\/v2\/media\/18286"}],"wp:attachment":[{"href":"https:\/\/kraksky.pl\/en\/wp-json\/wp\/v2\/media?parent=18458"}],"wp:term":[{"taxonomy":"product_brand","embeddable":true,"href":"https:\/\/kraksky.pl\/en\/wp-json\/wp\/v2\/product_brand?post=18458"},{"taxonomy":"product_cat","embeddable":true,"href":"https:\/\/kraksky.pl\/en\/wp-json\/wp\/v2\/product_cat?post=18458"},{"taxonomy":"product_tag","embeddable":true,"href":"https:\/\/kraksky.pl\/en\/wp-json\/wp\/v2\/product_tag?post=18458"}],"curies":[{"name":"wp","href":"https:\/\/api.w.org\/{rel}","templated":true}]}}